{"id":2,"date":"2022-12-19T20:34:46","date_gmt":"2022-12-19T19:34:46","guid":{"rendered":"https:\/\/ozrn.kaepsele.net\/?page_id=2"},"modified":"2022-12-19T21:01:07","modified_gmt":"2022-12-19T20:01:07","slug":"beispiel-seite","status":"publish","type":"page","link":"https:\/\/ozrn.kaepsele.net\/index.php\/beispiel-seite\/","title":{"rendered":"Impressum"},"content":{"rendered":"\n<p>Dr. med. Tim Br\u00f6sse<br>Facharzt f\u00fcr Orthop\u00e4die und Unfallchirurgie<br>Titel und Berufsbezeichnung verliehen in Deutschland<br><br>Hauptstr. 85<br>69207 Sandhausen<br><br>Tel.: 06224 &#8211; 80 737<br>Fax: 06224 &#8211; 80 738<br><br>Internet: www.orthopaedie-sandhausen.de<br>Email: praxis@orthopaedie-sandhausen.de<\/p>\n\n\n\n<h3>Zust\u00e4ndige Kassen\u00e4rztliche Vereinigung:<\/h3>\n\n\n\n<p>Kassen\u00e4rztliche Vereinigung Baden-W\u00fcrttemberg<br>Albstadtweg 11, 70567 Stuttgart<br><a href=\"https:\/\/www.kvbawue.de\/\">www.kvbawue.de<\/a><\/p>\n\n\n\n<h3>Zust\u00e4ndige \u00c4rztekammer:<\/h3>\n\n\n\n<p>Landes\u00e4rztekammer Baden W\u00fcrttemberg<br><a href=\"https:\/\/www.aerztekammer-bw.de\/\">www.aerztekammer-bw.de<\/a><\/p>\n\n\n\n<h3>Zust\u00e4ndige Berufsordnung:<\/h3>\n\n\n\n<p><a href=\"https:\/\/www.aerztekammer-bw.de\/20\/arztrecht\/05kammerrecht\/bo.pdf\" target=\"_blank\" rel=\"noreferrer noopener\">Berufsordnung \u00c4rztekammer Baden-W\u00fcrttemberg<\/a><\/p>\n\n\n\n<h3>Haftungshinweis:<\/h3>\n\n\n\n<p>Trotz sorgf\u00e4ltiger inhaltlicher Kontrolle \u00fcbernehmen wir keine Haftung f\u00fcr die Inhalte externer Links.<br>F\u00fcr den Inhalt der verlinkten Seiten sind ausschlie\u00dflich deren Betreiber verantwortlich.<\/p>\n\n\n\n<p><\/p>\n","protected":false},"excerpt":{"rendered":"<p>Dr. med. Tim Br\u00f6sseFacharzt f\u00fcr Orthop\u00e4die und UnfallchirurgieTitel und Berufsbezeichnung verliehen in Deutschland Hauptstr. 8569207 Sandhausen Tel.: 06224 &#8211; 80 737Fax: 06224 &#8211; 80 738 Internet: www.orthopaedie-sandhausen.deEmail: praxis@orthopaedie-sandhausen.de Zust\u00e4ndige Kassen\u00e4rztliche Vereinigung: Kassen\u00e4rztliche Vereinigung Baden-W\u00fcrttembergAlbstadtweg 11, 70567 Stuttgartwww.kvbawue.de Zust\u00e4ndige \u00c4rztekammer: Landes\u00e4rztekammer Baden W\u00fcrttembergwww.aerztekammer-bw.de Zust\u00e4ndige Berufsordnung: Berufsordnung \u00c4rztekammer Baden-W\u00fcrttemberg Haftungshinweis: Trotz sorgf\u00e4ltiger inhaltlicher Kontrolle \u00fcbernehmen wir keine [&hellip;]<\/p>\n","protected":false},"author":1,"featured_media":0,"parent":0,"menu_order":0,"comment_status":"closed","ping_status":"open","template":"","meta":[],"_links":{"self":[{"href":"https:\/\/ozrn.kaepsele.net\/index.php\/wp-json\/wp\/v2\/pages\/2"}],"collection":[{"href":"https:\/\/ozrn.kaepsele.net\/index.php\/wp-json\/wp\/v2\/pages"}],"about":[{"href":"https:\/\/ozrn.kaepsele.net\/index.php\/wp-json\/wp\/v2\/types\/page"}],"author":[{"embeddable":true,"href":"https:\/\/ozrn.kaepsele.net\/index.php\/wp-json\/wp\/v2\/users\/1"}],"replies":[{"embeddable":true,"href":"https:\/\/ozrn.kaepsele.net\/index.php\/wp-json\/wp\/v2\/comments?post=2"}],"version-history":[{"count":2,"href":"https:\/\/ozrn.kaepsele.net\/index.php\/wp-json\/wp\/v2\/pages\/2\/revisions"}],"predecessor-version":[{"id":11,"href":"https:\/\/ozrn.kaepsele.net\/index.php\/wp-json\/wp\/v2\/pages\/2\/revisions\/11"}],"wp:attachment":[{"href":"https:\/\/ozrn.kaepsele.net\/index.php\/wp-json\/wp\/v2\/media?parent=2"}],"curies":[{"name":"wp","href":"https:\/\/api.w.org\/{rel}","templated":true}]}}